{"id":2024,"date":"2023-09-30T14:02:11","date_gmt":"2023-09-30T14:02:11","guid":{"rendered":"https:\/\/ouestdelile.ca\/?page_id=2024"},"modified":"2024-12-04T17:09:11","modified_gmt":"2024-12-04T17:09:11","slug":"events","status":"publish","type":"page","link":"https:\/\/ouestdelile.ca\/en\/events\/","title":{"rendered":"Events"},"content":{"rendered":"\t\t<div data-elementor-type=\"wp-page\" data-elementor-id=\"2024\" class=\"elementor elementor-2024 elementor-1345\" data-elementor-post-type=\"page\">\n\t\t\t\t\t\t<section class=\"elementor-section elementor-top-section elementor-element elementor-element-aff879e elementor-section-boxed elementor-section-height-default elementor-section-height-default\" data-id=\"aff879e\" data-element_type=\"section\" data-e-type=\"section\">\n\t\t\t\t\t\t<div class=\"elementor-container elementor-column-gap-default\">\n\t\t\t\t\t<div class=\"elementor-column elementor-col-100 elementor-top-column elementor-element elementor-element-ba0f113\" data-id=\"ba0f113\" data-element_type=\"column\" data-e-type=\"column\">\n\t\t\t<div class=\"elementor-widget-wrap elementor-element-populated\">\n\t\t\t\t\t\t<div class=\"elementor-element elementor-element-ce5a026 elementor-widget elementor-widget-spacer\" data-id=\"ce5a026\" data-element_type=\"widget\" data-e-type=\"widget\" data-widget_type=\"spacer.default\">\n\t\t\t\t<div class=\"elementor-widget-container\">\n\t\t\t\t\t\t\t<div class=\"elementor-spacer\">\n\t\t\t<div class=\"elementor-spacer-inner\"><\/div>\n\t\t<\/div>\n\t\t\t\t\t\t<\/div>\n\t\t\t\t<\/div>\n\t\t\t\t<div class=\"elementor-element elementor-element-f11e310 elementor-widget elementor-widget-heading\" data-id=\"f11e310\" data-element_type=\"widget\" data-e-type=\"widget\" data-widget_type=\"heading.default\">\n\t\t\t\t<div class=\"elementor-widget-container\">\n\t\t\t\t\t<h2 class=\"elementor-heading-title elementor-size-default\">Events<\/h2>\t\t\t\t<\/div>\n\t\t\t\t<\/div>\n\t\t\t\t<div class=\"elementor-element elementor-element-78e319c elementor-widget elementor-widget-text-editor\" data-id=\"78e319c\" data-element_type=\"widget\" data-e-type=\"widget\" data-widget_type=\"text-editor.default\">\n\t\t\t\t<div class=\"elementor-widget-container\">\n\t\t\t\t\t\t\t\t\t<div class=\"font-claude-message pr-4 md:pr-9 relative leading-[1.65rem] [&amp;_pre&gt;div]:bg-bg-300 [&amp;_.ignore-pre-bg&gt;div]:bg-transparent [&amp;_pre]:-mr-4 md:[&amp;_pre]:-mr-9\"><div><div class=\"grid-cols-1 grid gap-2.5 [&amp;_&gt;_*]:min-w-0\"><p class=\"whitespace-pre-wrap break-words\">Visit <a href=\"https:\/\/pmemtl.com\/west\/services\/formation\/activites\">PME MTL West Island&#8217;s page<\/a> to stay up to date with events.<\/p><p>Follow us on <a href=\"https:\/\/www.linkedin.com\/showcase\/pme-mtl-ouest-de-l-%C3%AEle\/\">LinkedIn<\/a>!<\/p><\/div><\/div><\/div><div class=\"absolute -bottom-0 -right-1.5\"><div class=\"border-0.5 border-border-300 flex items-center translate-y-1\/2 rounded-lg shadow-sm transition bg-bg-000 p-1\"><div class=\"text-text-400 flex items-stretch justify-between gap-0.5\"><div class=\"flex gap-0.5\">\u00a0<\/div><\/div><\/div><\/div>\t\t\t\t\t\t\t\t<\/div>\n\t\t\t\t<\/div>\n\t\t\t\t\t<\/div>\n\t\t<\/div>\n\t\t\t\t\t<\/div>\n\t\t<\/section>\n\t\t\t\t<\/div>\n\t\t","protected":false},"excerpt":{"rendered":"<p>Events Visit PME MTL West Island&#8217;s page to stay up to date with events. Follow us on LinkedIn! \u00a0<\/p>\n","protected":false},"author":1,"featured_media":4848,"parent":0,"menu_order":0,"comment_status":"closed","ping_status":"closed","template":"elementor_header_footer","meta":{"footnotes":""},"class_list":["post-2024","page","type-page","status-publish","has-post-thumbnail","hentry"],"yoast_head":"<!-- This site is optimized with the Yoast SEO plugin v27.5 - https:\/\/yoast.com\/product\/yoast-seo-wordpress\/ -->\n<title>Events | West Island Jobs<\/title>\n<meta name=\"description\" content=\"Discover local job fairs and career events in Montreal&#039;s West Island. Join recruitment activities across the region.\" \/>\n<meta name=\"robots\" content=\"index, follow, max-snippet:-1, max-image-preview:large, max-video-preview:-1\" \/>\n<link rel=\"canonical\" href=\"https:\/\/ouestdelile.ca\/en\/events\/\" \/>\n<meta property=\"og:locale\" content=\"en_US\" \/>\n<meta property=\"og:type\" content=\"article\" \/>\n<meta property=\"og:title\" content=\"Events | West Island Jobs\" \/>\n<meta property=\"og:description\" content=\"Discover local job fairs and career events in Montreal&#039;s West Island. Join recruitment activities across the region.\" \/>\n<meta property=\"og:url\" content=\"https:\/\/ouestdelile.ca\/en\/events\/\" \/>\n<meta property=\"og:site_name\" content=\"Emplois Ouest-de-l&#039;\u00cele\" \/>\n<meta property=\"article:modified_time\" content=\"2024-12-04T17:09:11+00:00\" \/>\n<meta property=\"og:image\" content=\"https:\/\/ouestdelile.ca\/wp-content\/uploads\/2024\/02\/Logo-ODI-25-horizontal-tagline.jpg\" \/>\n\t<meta property=\"og:image:width\" content=\"1369\" \/>\n\t<meta property=\"og:image:height\" content=\"631\" \/>\n\t<meta property=\"og:image:type\" content=\"image\/jpeg\" \/>\n<meta name=\"twitter:card\" content=\"summary_large_image\" \/>\n<meta name=\"twitter:label1\" content=\"Est. reading time\" \/>\n\t<meta name=\"twitter:data1\" content=\"1 minute\" \/>\n<script type=\"application\/ld+json\" class=\"yoast-schema-graph\">{\"@context\":\"https:\\\/\\\/schema.org\",\"@graph\":[{\"@type\":\"WebPage\",\"@id\":\"https:\\\/\\\/ouestdelile.ca\\\/en\\\/events\\\/\",\"url\":\"https:\\\/\\\/ouestdelile.ca\\\/en\\\/events\\\/\",\"name\":\"Events | West Island Jobs\",\"isPartOf\":{\"@id\":\"https:\\\/\\\/ouestdelile.ca\\\/#website\"},\"primaryImageOfPage\":{\"@id\":\"https:\\\/\\\/ouestdelile.ca\\\/en\\\/events\\\/#primaryimage\"},\"image\":{\"@id\":\"https:\\\/\\\/ouestdelile.ca\\\/en\\\/events\\\/#primaryimage\"},\"thumbnailUrl\":\"https:\\\/\\\/ouestdelile.ca\\\/wp-content\\\/uploads\\\/2024\\\/02\\\/Logo-ODI-25-horizontal-tagline.jpg\",\"datePublished\":\"2023-09-30T14:02:11+00:00\",\"dateModified\":\"2024-12-04T17:09:11+00:00\",\"description\":\"Discover local job fairs and career events in Montreal's West Island. Join recruitment activities across the region.\",\"breadcrumb\":{\"@id\":\"https:\\\/\\\/ouestdelile.ca\\\/en\\\/events\\\/#breadcrumb\"},\"inLanguage\":\"en-US\",\"potentialAction\":[{\"@type\":\"ReadAction\",\"target\":[\"https:\\\/\\\/ouestdelile.ca\\\/en\\\/events\\\/\"]}]},{\"@type\":\"ImageObject\",\"inLanguage\":\"en-US\",\"@id\":\"https:\\\/\\\/ouestdelile.ca\\\/en\\\/events\\\/#primaryimage\",\"url\":\"https:\\\/\\\/ouestdelile.ca\\\/wp-content\\\/uploads\\\/2024\\\/02\\\/Logo-ODI-25-horizontal-tagline.jpg\",\"contentUrl\":\"https:\\\/\\\/ouestdelile.ca\\\/wp-content\\\/uploads\\\/2024\\\/02\\\/Logo-ODI-25-horizontal-tagline.jpg\",\"width\":1369,\"height\":631},{\"@type\":\"BreadcrumbList\",\"@id\":\"https:\\\/\\\/ouestdelile.ca\\\/en\\\/events\\\/#breadcrumb\",\"itemListElement\":[{\"@type\":\"ListItem\",\"position\":1,\"name\":\"Accueil\",\"item\":\"https:\\\/\\\/ouestdelile.ca\\\/en\\\/\"},{\"@type\":\"ListItem\",\"position\":2,\"name\":\"Events\"}]},{\"@type\":\"WebSite\",\"@id\":\"https:\\\/\\\/ouestdelile.ca\\\/#website\",\"url\":\"https:\\\/\\\/ouestdelile.ca\\\/\",\"name\":\"Emplois Ouest-de-l'\u00cele\",\"description\":\"Plateforme de recrutement pour l&#039;Ouest-de-l&#039;\u00cele de Montr\u00e9al (West Island)\",\"publisher\":{\"@id\":\"https:\\\/\\\/ouestdelile.ca\\\/#organization\"},\"potentialAction\":[{\"@type\":\"SearchAction\",\"target\":{\"@type\":\"EntryPoint\",\"urlTemplate\":\"https:\\\/\\\/ouestdelile.ca\\\/?s={search_term_string}\"},\"query-input\":{\"@type\":\"PropertyValueSpecification\",\"valueRequired\":true,\"valueName\":\"search_term_string\"}}],\"inLanguage\":\"en-US\"},{\"@type\":\"Organization\",\"@id\":\"https:\\\/\\\/ouestdelile.ca\\\/#organization\",\"name\":\"Emplois Ouest-de-l'\u00cele\",\"url\":\"https:\\\/\\\/ouestdelile.ca\\\/\",\"logo\":{\"@type\":\"ImageObject\",\"inLanguage\":\"en-US\",\"@id\":\"https:\\\/\\\/ouestdelile.ca\\\/#\\\/schema\\\/logo\\\/image\\\/\",\"url\":\"https:\\\/\\\/ouestdelile.ca\\\/wp-content\\\/uploads\\\/2024\\\/10\\\/logo.jpg\",\"contentUrl\":\"https:\\\/\\\/ouestdelile.ca\\\/wp-content\\\/uploads\\\/2024\\\/10\\\/logo.jpg\",\"width\":200,\"height\":200,\"caption\":\"Emplois Ouest-de-l'\u00cele\"},\"image\":{\"@id\":\"https:\\\/\\\/ouestdelile.ca\\\/#\\\/schema\\\/logo\\\/image\\\/\"}}]}<\/script>\n<!-- \/ Yoast SEO plugin. -->","yoast_head_json":{"title":"Events | West Island Jobs","description":"Discover local job fairs and career events in Montreal's West Island. Join recruitment activities across the region.","robots":{"index":"index","follow":"follow","max-snippet":"max-snippet:-1","max-image-preview":"max-image-preview:large","max-video-preview":"max-video-preview:-1"},"canonical":"https:\/\/ouestdelile.ca\/en\/events\/","og_locale":"en_US","og_type":"article","og_title":"Events | West Island Jobs","og_description":"Discover local job fairs and career events in Montreal's West Island. Join recruitment activities across the region.","og_url":"https:\/\/ouestdelile.ca\/en\/events\/","og_site_name":"Emplois Ouest-de-l&#039;\u00cele","article_modified_time":"2024-12-04T17:09:11+00:00","og_image":[{"width":1369,"height":631,"url":"https:\/\/ouestdelile.ca\/wp-content\/uploads\/2024\/02\/Logo-ODI-25-horizontal-tagline.jpg","type":"image\/jpeg"}],"twitter_card":"summary_large_image","twitter_misc":{"Est. reading time":"1 minute"},"schema":{"@context":"https:\/\/schema.org","@graph":[{"@type":"WebPage","@id":"https:\/\/ouestdelile.ca\/en\/events\/","url":"https:\/\/ouestdelile.ca\/en\/events\/","name":"Events | West Island Jobs","isPartOf":{"@id":"https:\/\/ouestdelile.ca\/#website"},"primaryImageOfPage":{"@id":"https:\/\/ouestdelile.ca\/en\/events\/#primaryimage"},"image":{"@id":"https:\/\/ouestdelile.ca\/en\/events\/#primaryimage"},"thumbnailUrl":"https:\/\/ouestdelile.ca\/wp-content\/uploads\/2024\/02\/Logo-ODI-25-horizontal-tagline.jpg","datePublished":"2023-09-30T14:02:11+00:00","dateModified":"2024-12-04T17:09:11+00:00","description":"Discover local job fairs and career events in Montreal's West Island. Join recruitment activities across the region.","breadcrumb":{"@id":"https:\/\/ouestdelile.ca\/en\/events\/#breadcrumb"},"inLanguage":"en-US","potentialAction":[{"@type":"ReadAction","target":["https:\/\/ouestdelile.ca\/en\/events\/"]}]},{"@type":"ImageObject","inLanguage":"en-US","@id":"https:\/\/ouestdelile.ca\/en\/events\/#primaryimage","url":"https:\/\/ouestdelile.ca\/wp-content\/uploads\/2024\/02\/Logo-ODI-25-horizontal-tagline.jpg","contentUrl":"https:\/\/ouestdelile.ca\/wp-content\/uploads\/2024\/02\/Logo-ODI-25-horizontal-tagline.jpg","width":1369,"height":631},{"@type":"BreadcrumbList","@id":"https:\/\/ouestdelile.ca\/en\/events\/#breadcrumb","itemListElement":[{"@type":"ListItem","position":1,"name":"Accueil","item":"https:\/\/ouestdelile.ca\/en\/"},{"@type":"ListItem","position":2,"name":"Events"}]},{"@type":"WebSite","@id":"https:\/\/ouestdelile.ca\/#website","url":"https:\/\/ouestdelile.ca\/","name":"Emplois Ouest-de-l'\u00cele","description":"Plateforme de recrutement pour l&#039;Ouest-de-l&#039;\u00cele de Montr\u00e9al (West Island)","publisher":{"@id":"https:\/\/ouestdelile.ca\/#organization"},"potentialAction":[{"@type":"SearchAction","target":{"@type":"EntryPoint","urlTemplate":"https:\/\/ouestdelile.ca\/?s={search_term_string}"},"query-input":{"@type":"PropertyValueSpecification","valueRequired":true,"valueName":"search_term_string"}}],"inLanguage":"en-US"},{"@type":"Organization","@id":"https:\/\/ouestdelile.ca\/#organization","name":"Emplois Ouest-de-l'\u00cele","url":"https:\/\/ouestdelile.ca\/","logo":{"@type":"ImageObject","inLanguage":"en-US","@id":"https:\/\/ouestdelile.ca\/#\/schema\/logo\/image\/","url":"https:\/\/ouestdelile.ca\/wp-content\/uploads\/2024\/10\/logo.jpg","contentUrl":"https:\/\/ouestdelile.ca\/wp-content\/uploads\/2024\/10\/logo.jpg","width":200,"height":200,"caption":"Emplois Ouest-de-l'\u00cele"},"image":{"@id":"https:\/\/ouestdelile.ca\/#\/schema\/logo\/image\/"}}]}},"_links":{"self":[{"href":"https:\/\/ouestdelile.ca\/en\/wp-json\/wp\/v2\/pages\/2024","targetHints":{"allow":["GET"]}}],"collection":[{"href":"https:\/\/ouestdelile.ca\/en\/wp-json\/wp\/v2\/pages"}],"about":[{"href":"https:\/\/ouestdelile.ca\/en\/wp-json\/wp\/v2\/types\/page"}],"author":[{"embeddable":true,"href":"https:\/\/ouestdelile.ca\/en\/wp-json\/wp\/v2\/users\/1"}],"replies":[{"embeddable":true,"href":"https:\/\/ouestdelile.ca\/en\/wp-json\/wp\/v2\/comments?post=2024"}],"version-history":[{"count":77,"href":"https:\/\/ouestdelile.ca\/en\/wp-json\/wp\/v2\/pages\/2024\/revisions"}],"predecessor-version":[{"id":8436,"href":"https:\/\/ouestdelile.ca\/en\/wp-json\/wp\/v2\/pages\/2024\/revisions\/8436"}],"wp:featuredmedia":[{"embeddable":true,"href":"https:\/\/ouestdelile.ca\/en\/wp-json\/wp\/v2\/media\/4848"}],"wp:attachment":[{"href":"https:\/\/ouestdelile.ca\/en\/wp-json\/wp\/v2\/media?parent=2024"}],"curies":[{"name":"wp","href":"https:\/\/api.w.org\/{rel}","templated":true}]}}